{"id":1128,"date":"2025-03-19T16:53:18","date_gmt":"2025-03-19T16:53:18","guid":{"rendered":"https:\/\/albamelba.com\/es\/?page_id=1128"},"modified":"2026-01-15T20:26:01","modified_gmt":"2026-01-15T20:26:01","slug":"nuestro-trabajo","status":"publish","type":"page","link":"https:\/\/albamelba.com\/es\/nuestro-trabajo\/","title":{"rendered":"Nuestro trabajo"},"content":{"rendered":"<p>[et_pb_section fb_built=\u00bb1&#8243; _builder_version=\u00bb4.27.4&#8243; _module_preset=\u00bbdefault\u00bb background_color=\u00bbgcid-d71aa12d-8613-4aee-9d79-be62d2fa80f1&#8243; global_colors_info=\u00bb{%22gcid-d71aa12d-8613-4aee-9d79-be62d2fa80f1%22:%91%22background_color%22%93}\u00bb][et_pb_row column_structure=\u00bb3_5,2_5&#8243; make_equal=\u00bbon\u00bb custom_padding_last_edited=\u00bbon|phone\u00bb _builder_version=\u00bb4.27.4&#8243; _module_preset=\u00bbdefault\u00bb width=\u00bb90%\u00bb max_width=\u00bb1200px\u00bb custom_margin_tablet=\u00bb\u00bb custom_margin_phone=\u00bb40px||-35px||false|false\u00bb custom_margin_last_edited=\u00bbon|phone\u00bb custom_padding_tablet=\u00bb\u00bb custom_padding_phone=\u00bb||0px||false|false\u00bb global_colors_info=\u00bb{}\u00bb][et_pb_column type=\u00bb3_5&#8243; _builder_version=\u00bb4.27.4&#8243; _module_preset=\u00bbdefault\u00bb custom_padding=\u00bb||||true|false\u00bb global_colors_info=\u00bb{}\u00bb][et_pb_text _builder_version=\u00bb4.27.4&#8243; _module_preset=\u00bbdefault\u00bb text_font=\u00bbInter|700||on|||||\u00bb text_text_color=\u00bbgcid-primary-color\u00bb text_font_size=\u00bb12px\u00bb background_enable_color=\u00bboff\u00bb custom_margin=\u00bb||0px||false|false\u00bb custom_margin_tablet=\u00bb|514px|||false|false\u00bb custom_margin_phone=\u00bb|154px|||false|false\u00bb custom_margin_last_edited=\u00bbon|phone\u00bb animation_style=\u00bbslide\u00bb animation_direction=\u00bbbottom\u00bb animation_intensity_slide=\u00bb2%\u00bb border_radii=\u00bbon|4px|4px|4px|4px\u00bb global_colors_info=\u00bb{%22gcid-primary-color%22:%91%22text_text_color%22%93,%22gcid-356e61af-d5e8-4576-b1c6-d5f36debfb86%22:%91%22background_color%22%93}\u00bb]<\/p>\n<p>Nuestro trabajo<\/p>\n<p>[\/et_pb_text][et_pb_text _builder_version=\u00bb4.27.4&#8243; _module_preset=\u00bbdefault\u00bb header_font=\u00bbInter|800|||||||\u00bb header_font_size=\u00bb48px\u00bb header_letter_spacing=\u00bb-2px\u00bb header_2_font=\u00bbInter|800|||||||\u00bb header_2_text_align=\u00bbcenter\u00bb header_2_font_size=\u00bb48px\u00bb custom_margin=\u00bb||10px||false|false\u00bb animation_style=\u00bbslide\u00bb animation_direction=\u00bbbottom\u00bb animation_delay=\u00bb100ms\u00bb animation_intensity_slide=\u00bb2%\u00bb header_font_size_tablet=\u00bb42px\u00bb header_font_size_phone=\u00bb36px\u00bb header_font_size_last_edited=\u00bbon|phone\u00bb header_2_font_size_tablet=\u00bb50px\u00bb header_2_font_size_phone=\u00bb40px\u00bb header_2_font_size_last_edited=\u00bbon|phone\u00bb global_colors_info=\u00bb{}\u00bb]<\/p>\n<h1>Nuestras creaciones<\/h1>\n<p>[\/et_pb_text][et_pb_text _builder_version=\u00bb4.27.4&#8243; _module_preset=\u00bbdefault\u00bb text_font=\u00bbInter|300|||||||\u00bb text_text_color=\u00bbgcid-heading-color\u00bb custom_margin_tablet=\u00bb\u00bb custom_margin_phone=\u00bb||0px||false|false\u00bb custom_margin_last_edited=\u00bbon|phone\u00bb custom_padding=\u00bb|0px||0px|false|false\u00bb custom_padding_tablet=\u00bb|50px||50px|false|true\u00bb custom_padding_phone=\u00bb|0px|0px|0px|false|false\u00bb custom_padding_last_edited=\u00bbon|phone\u00bb animation_style=\u00bbslide\u00bb animation_direction=\u00bbbottom\u00bb animation_delay=\u00bb200ms\u00bb animation_intensity_slide=\u00bb2%\u00bb global_colors_info=\u00bb{%22gcid-heading-color%22:%91%22text_text_color%22%93}\u00bb]<\/p>\n<p><strong>Nuestro portafolio es una selecci\u00f3n de proyectos cuidadosamente seleccionados que demuestran nuestra capacidad de transformar ideas en soluciones impactantes.<\/strong> Abarcamos desde dise\u00f1o de marca, campa\u00f1as de marketing y sitios web hasta experiencias digitales.<\/p>\n<p>Explora c\u00f3mo hemos ayudado a nuestros clientes a lograr sus objetivos y superar expectativas a trav\u00e9s de soluciones creativas que transforman y potencian sus ideas.<\/p>\n<p>[\/et_pb_text][et_pb_button button_url=\u00bb\/es\/hablemos\u00bb button_text=\u00bbHablemos\u00bb disabled_on=\u00bboff|off|off\u00bb _builder_version=\u00bb4.27.4&#8243; _module_preset=\u00bbdefault\u00bb custom_button=\u00bbon\u00bb button_text_size=\u00bb16px\u00bb button_text_color=\u00bbgcid-8dd48d31-0865-40dd-aabd-67a7647f08b1&#8243; button_bg_color=\u00bbgcid-73e016a9-6ad4-40fa-ae7b-f57ebd2868f3&#8243; button_border_width=\u00bb0px\u00bb button_border_color=\u00bbgcid-73e016a9-6ad4-40fa-ae7b-f57ebd2868f3&#8243; button_border_radius=\u00bb43px\u00bb button_font=\u00bb|600|||||||\u00bb button_use_icon=\u00bboff\u00bb custom_margin=\u00bb0px||||false|false\u00bb custom_margin_tablet=\u00bb0px||||false|false\u00bb custom_margin_phone=\u00bb30px||30px||false|false\u00bb custom_margin_last_edited=\u00bbon|phone\u00bb custom_padding=\u00bb10px|30px|10px|30px|true|true\u00bb custom_padding_tablet=\u00bb10px|30px|10px|30px|true|true\u00bb custom_padding_phone=\u00bb16px|80px|16px|80px|true|true\u00bb custom_padding_last_edited=\u00bbon|phone\u00bb animation_style=\u00bbslide\u00bb animation_direction=\u00bbbottom\u00bb animation_delay=\u00bb300ms\u00bb animation_intensity_slide=\u00bb2%\u00bb box_shadow_style=\u00bbpreset3&#8243; box_shadow_vertical=\u00bb10px\u00bb global_colors_info=\u00bb{%22gcid-8dd48d31-0865-40dd-aabd-67a7647f08b1%22:%91%22button_text_color%22,%22button_text_color__hover%22%93,%22gcid-73e016a9-6ad4-40fa-ae7b-f57ebd2868f3%22:%91%22button_bg_color%22,%22button_border_color__hover%22,%22button_border_color%22%93,%22gcid-primary-color%22:%91%22button_bg_color__hover%22%93}\u00bb button_bg_color__hover_enabled=\u00bbon|hover\u00bb button_bg_color__hover=\u00bb#fbbdb0&#8243; button_bg_enable_color__hover=\u00bbon\u00bb button_border_width__hover_enabled=\u00bboff|hover\u00bb button_border_width__hover=\u00bb0px\u00bb button_border_color__hover_enabled=\u00bboff|hover\u00bb button_border_color__hover=\u00bb#21242c\u00bb button_text_color__hover_enabled=\u00bbon|hover\u00bb button_text_color__hover=\u00bb#ffffff\u00bb box_shadow_vertical__hover_enabled=\u00bbon|hover\u00bb box_shadow_spread__hover_enabled=\u00bbon|hover\u00bb box_shadow_vertical__hover=\u00bb10px\u00bb][\/et_pb_button][\/et_pb_column][et_pb_column type=\u00bb2_5&#8243; _builder_version=\u00bb4.27.4&#8243; _module_preset=\u00bbdefault\u00bb custom_padding=\u00bb||||true|false\u00bb global_colors_info=\u00bb{}\u00bb][\/et_pb_column][\/et_pb_row][et_pb_row use_custom_gutter=\u00bbon\u00bb gutter_width=\u00bb2&#8243; _builder_version=\u00bb4.27.4&#8243; _module_preset=\u00bbdefault\u00bb width=\u00bb90%\u00bb max_width=\u00bb1200px\u00bb global_colors_info=\u00bb{}\u00bb][et_pb_column type=\u00bb4_4&#8243; _builder_version=\u00bb4.27.4&#8243; _module_preset=\u00bbdefault\u00bb global_colors_info=\u00bb{}\u00bb][et_pb_filterable_portfolio fullwidth=\u00bboff\u00bb posts_number=\u00bb32&#8243; show_categories=\u00bboff\u00bb show_pagination=\u00bboff\u00bb hover_overlay_color=\u00bbgcid-c9b2f7ba-8c90-43bd-b80a-cf1da454c6ed\u00bb module_class=\u00bbthree-column-grid\u00bb _builder_version=\u00bb4.27.5&#8243; _module_preset=\u00bbdefault\u00bb title_font=\u00bbInter|700|||||||\u00bb title_text_align=\u00bbcenter\u00bb title_text_color=\u00bbgcid-73e016a9-6ad4-40fa-ae7b-f57ebd2868f3&#8243; title_font_size=\u00bb20px\u00bb title_letter_spacing=\u00bb-2px\u00bb title_line_height=\u00bb1.3em\u00bb filter_font=\u00bb|600||on|||||\u00bb filter_text_color=\u00bbgcid-73e016a9-6ad4-40fa-ae7b-f57ebd2868f3&#8243; filter_font_size=\u00bb12px\u00bb filter_line_height=\u00bb1.3em\u00bb caption_font=\u00bb||||||||\u00bb caption_text_color=\u00bbgcid-e2c2518a-7c9c-40e2-b64c-68a27c91bc07&#8243; caption_font_size=\u00bb10px\u00bb caption_line_height=\u00bb1.2em\u00bb pagination_font=\u00bbInter||||||||\u00bb pagination_text_align=\u00bbcenter\u00bb text_orientation=\u00bbcenter\u00bb custom_padding=\u00bb|0px||0px|false|true\u00bb hover_enabled=\u00bb0&#8243; title_font_size_tablet=\u00bb14px\u00bb title_font_size_phone=\u00bb20px\u00bb title_font_size_last_edited=\u00bbon|phone\u00bb title_line_height_tablet=\u00bb1.3em\u00bb title_line_height_phone=\u00bb1.2em\u00bb title_line_height_last_edited=\u00bbon|phone\u00bb custom_css_active_portfolio_filter=\u00bbbackground-color: #FBBCAD;||||\u00bb border_radii_image=\u00bbon|6px|6px|6px|6px\u00bb global_colors_info=\u00bb{%22gcid-c9b2f7ba-8c90-43bd-b80a-cf1da454c6ed%22:%91%22hover_overlay_color%22%93,%22gcid-e2c2518a-7c9c-40e2-b64c-68a27c91bc07%22:%91%22caption_text_color%22%93,%22gcid-73e016a9-6ad4-40fa-ae7b-f57ebd2868f3%22:%91%22filter_text_color%22,%22title_text_color%22%93}\u00bb include_categories=\u00bb13,8,10,12,9,11,14&#8243; sticky_enabled=\u00bb0&#8243;][\/et_pb_filterable_portfolio][\/et_pb_column][\/et_pb_row][\/et_pb_section]<\/p>\n","protected":false},"excerpt":{"rendered":"<p>Nuestro trabajoNuestras creacionesNuestro portafolio es una selecci\u00f3n de proyectos cuidadosamente seleccionados que demuestran nuestra capacidad de transformar ideas en soluciones impactantes. Abarcamos desde dise\u00f1o de marca, campa\u00f1as de marketing y sitios web hasta experiencias digitales. Explora c\u00f3mo hemos ayudado a nuestros clientes a lograr sus objetivos y superar expectativas a trav\u00e9s de soluciones creativas que [&hellip;]<\/p>\n","protected":false},"author":1,"featured_media":0,"parent":0,"menu_order":0,"comment_status":"closed","ping_status":"closed","template":"","meta":{"_acf_changed":false,"_et_pb_use_builder":"on","_et_pb_old_content":"","_et_gb_content_width":"","footnotes":""},"class_list":["post-1128","page","type-page","status-publish","hentry"],"acf":[],"_links":{"self":[{"href":"https:\/\/albamelba.com\/es\/wp-json\/wp\/v2\/pages\/1128","targetHints":{"allow":["GET"]}}],"collection":[{"href":"https:\/\/albamelba.com\/es\/wp-json\/wp\/v2\/pages"}],"about":[{"href":"https:\/\/albamelba.com\/es\/wp-json\/wp\/v2\/types\/page"}],"author":[{"embeddable":true,"href":"https:\/\/albamelba.com\/es\/wp-json\/wp\/v2\/users\/1"}],"replies":[{"embeddable":true,"href":"https:\/\/albamelba.com\/es\/wp-json\/wp\/v2\/comments?post=1128"}],"version-history":[{"count":1,"href":"https:\/\/albamelba.com\/es\/wp-json\/wp\/v2\/pages\/1128\/revisions"}],"predecessor-version":[{"id":1344,"href":"https:\/\/albamelba.com\/es\/wp-json\/wp\/v2\/pages\/1128\/revisions\/1344"}],"wp:attachment":[{"href":"https:\/\/albamelba.com\/es\/wp-json\/wp\/v2\/media?parent=1128"}],"curies":[{"name":"wp","href":"https:\/\/api.w.org\/{rel}","templated":true}]}}